{"id":38,"date":"2019-02-25T14:26:53","date_gmt":"2019-02-25T14:26:53","guid":{"rendered":"http:\/\/spielmannszug-harmonie.de\/?page_id=38"},"modified":"2019-02-25T14:26:53","modified_gmt":"2019-02-25T14:26:53","slug":"mitglied-werden","status":"publish","type":"page","link":"https:\/\/www.szharmonie.de\/?page_id=38","title":{"rendered":"Mitglied werden"},"content":{"rendered":"<div id=\"cc-m-5165540810\" class=\"j-module n j-header \">\n<h1 id=\"cc-m-header-5165540810\" class=\"\">Mitglied werden?<\/h1>\n<\/div>\n<div id=\"cc-m-5165541010\" class=\"j-module n j-hr \">\n<hr \/>\n<\/div>\n<div id=\"cc-m-5165541110\" class=\"j-module n j-text \">\n<ul>\n<li>Sie haben Interesse daran, Mitglied bei unserem Verein zu werden?<\/li>\n<li>Sie m\u00f6chten gerne einmal &#8222;einfach so&#8220; bei uns mitspielen?<\/li>\n<li>Sie interessieren sich daf\u00fcr, ein Instrument spielen zu lernen?<\/li>\n<li>Sie m\u00f6chten sich gerne in der Vereinsorganisation engagieren?<\/li>\n<\/ul>\n<p>Dann schreiben Sie uns einfach eine kurze\u00a0<strong><a href=\"https:\/\/www.szharmonie.de\/infos-und-kontakt\/kontakt\/\">Nachricht<\/a><\/strong>.<\/p>\n<p>&nbsp;<\/p>\n<p>Wir freuen uns immer \u00fcber interessierte Menschen, die Freue an der Musik oder an der Vereinsarbeit haben.<\/p>\n<p>&nbsp;<\/p>\n<p>Alles Weitere besprechen wir dann im Telefonat oder in einem pers\u00f6nlichen Gespr\u00e4ch mit Ihnen.<\/p>\n<p>&nbsp;<\/p>\n<p>Wir freuen uns auf Sie.<\/p>\n<p>&nbsp;<\/p>\n<\/div>\n","protected":false},"excerpt":{"rendered":"<p>Mitglied werden? Sie haben Interesse daran, Mitglied bei unserem Verein zu werden? Sie m\u00f6chten gerne einmal &#8222;einfach so&#8220; bei uns mitspielen? Sie interessieren sich daf\u00fcr, ein Instrument spielen zu lernen? Sie m\u00f6chten sich gerne in der Vereinsorganisation engagieren? Dann schreiben<\/p>\n","protected":false},"author":1,"featured_media":0,"parent":0,"menu_order":0,"comment_status":"closed","ping_status":"closed","template":"","meta":{"jetpack_post_was_ever_published":false,"footnotes":""},"featured_image_src":null,"featured_image_src_square":null,"jetpack_sharing_enabled":true,"jetpack_shortlink":"https:\/\/wp.me\/PaKGip-C","jetpack-related-posts":[],"jetpack_likes_enabled":true,"_links":{"self":[{"href":"https:\/\/www.szharmonie.de\/index.php?rest_route=\/wp\/v2\/pages\/38"}],"collection":[{"href":"https:\/\/www.szharmonie.de\/index.php?rest_route=\/wp\/v2\/pages"}],"about":[{"href":"https:\/\/www.szharmonie.de\/index.php?rest_route=\/wp\/v2\/types\/page"}],"author":[{"embeddable":true,"href":"https:\/\/www.szharmonie.de\/index.php?rest_route=\/wp\/v2\/users\/1"}],"replies":[{"embeddable":true,"href":"https:\/\/www.szharmonie.de\/index.php?rest_route=%2Fwp%2Fv2%2Fcomments&post=38"}],"version-history":[{"count":1,"href":"https:\/\/www.szharmonie.de\/index.php?rest_route=\/wp\/v2\/pages\/38\/revisions"}],"predecessor-version":[{"id":39,"href":"https:\/\/www.szharmonie.de\/index.php?rest_route=\/wp\/v2\/pages\/38\/revisions\/39"}],"wp:attachment":[{"href":"https:\/\/www.szharmonie.de\/index.php?rest_route=%2Fwp%2Fv2%2Fmedia&parent=38"}],"curies":[{"name":"wp","href":"https:\/\/api.w.org\/{rel}","templated":true}]}}