{"id":26,"date":"2019-02-25T11:51:14","date_gmt":"2019-02-25T11:51:14","guid":{"rendered":"http:\/\/spielmannszug-harmonie.de\/?page_id=26"},"modified":"2019-02-25T11:51:14","modified_gmt":"2019-02-25T11:51:14","slug":"impressum","status":"publish","type":"page","link":"https:\/\/www.szharmonie.de\/?page_id=26","title":{"rendered":"Impressum"},"content":{"rendered":"<div id=\"cc-m-5551802410\" class=\"j-module n j-text \">\n<p class=\"summary\">Betreiber der Website &#8222;www.szharmonie.de&#8220; ist:<\/p>\n<p>Spielmannszug Harmonie Bad Homburg e.V.<\/p>\n<p><em>vertreten durch:<\/em><\/p>\n<p>Anke Wolf<br \/>\n1. Vorsitzende SZ Harmonie Bad Homburg e.V.<br \/>\nHeuchelheimer Str. 149D<br \/>\n61350 Bad Homburg vor der H\u00f6he (Hessen)<br \/>\nTelefon: +49 (0) 162 \/ 94 19 110<br \/>\nTelefax:\u00a0 bitte per E-Mail erfragen<\/p>\n<p>E-Mail: <a href=\"mailto:info@szharmonie.de\">info(at)szharmonie.de<\/a><br \/>\nInternet:\u00a0<a href=\"http:\/\/www.szharmonie.de\/\" target=\"_blank\" rel=\"noopener noreferrer\">http:\/\/www.szharmonie.de<\/a><\/p>\n<p><em>Verantwortlich f\u00fcr den Inhalt:<\/em><\/p>\n<p>Anke Wolf (1. Vorsitzende)<\/p>\n<p>Florian Schieler (Webmaster)<\/p>\n<\/div>\n<div id=\"cc-m-5551802610\" class=\"j-module n j-hr \">\n<hr \/>\n<\/div>\n<div id=\"cc-m-5551815510\" class=\"j-module n j-header \">\n<h1 id=\"cc-m-header-5551815510\" class=\"\">Datenschutzhinweis<\/h1>\n<\/div>\n<div id=\"cc-m-5551815910\" class=\"j-module n j-hr \">\n<hr \/>\n<\/div>\n<div id=\"cc-m-5551816110\" class=\"j-module n j-text \">\n<p class=\"summary\"><strong>Personenbezogene Daten werden auf dieser Webseite nur im technisch notwendigen Umfang erhoben. In keinem Fall werden die erhobenen Daten verkauft oder aus anderen Gr\u00fcnden an Dritte weitergegeben.<\/strong><\/p>\n<p>Die nachfolgende Erkl\u00e4rung gibt Ihnen einen \u00dcberblick dar\u00fcber, wie wir diesen Schutz gew\u00e4hrleisten und welche Art von Daten zu welchem Zweck erhoben werden.<\/p>\n<p><strong>Google Analytics<\/strong><br \/>\nDiese Website benutzt Google Analytics, einen Webanalysedienst der Google Inc. (\u201eGoogle&#8220;) Google Analytics verwendet sog. \u201eCookies&#8220;, Textdateien, die auf Ihrem Computer gespeichert werden und die eine Analyse der Benutzung der Website durch Sie erm\u00f6glicht.<\/p>\n<p>Die durch den Cookie erzeugten Informationen \u00fcber Ihre Benutzung diese Website (einschlie\u00dflich Ihrer IP-Adresse) wird an einen Server von Google in den USA \u00fcbertragen und dort gespeichert. Google wird diese Informationen benutzen, um Ihre Nutzung der Website auszuwerten, um Reports \u00fcber die Websiteaktivit\u00e4ten f\u00fcr die Websitebetreiber zusammenzustellen und um weitere mit der Websitenutzung und der Internetnutzung verbundene Dienstleistungen zu erbringen.<\/p>\n<p>Auch wird Google diese Informationen gegebenenfalls an Dritte \u00fcbertragen, sofern dies gesetzlich vorgeschrieben oder soweit Dritte diese Daten im Auftrag von Google verarbeiten. Google wird in keinem Fall Ihre IP-Adresse mit anderen Daten, die bei Google gespeichert sind, in Verbindung bringen.<\/p>\n<p>Sie k\u00f6nnen die Installation der Cookies durch eine entsprechende Einstellung Ihrer Browser Software verhindern; wir weisen Sie jedoch darauf hin, dass Sie in diesem Fall gegebenenfalls nicht s\u00e4mtliche Funktionen dieser Website voll umf\u00e4nglich nutzen k\u00f6nnen. Durch die Nutzung dieser Website erkl\u00e4ren Sie sich mit der Bearbeitung der \u00fcber Sie erhobenen Daten durch Google in der zuvor beschriebenen Art und Weise und zu dem zuvor benannten Zweck einverstanden.<\/p>\n<p><strong>Datenverarbeitung auf dieser Internetseite<\/strong><br \/>\nDiese Website erhebt und speichert automatisch in seinen Server Log Files Informationen, die Ihr Browser an uns \u00fcbermittelt. Dies sind:<\/p>\n<p>Browsertyp\/ -version<br \/>\nverwendetes Betriebssystem<br \/>\nReferrer URL (die zuvor besuchte Seite)<br \/>\nHostname des zugreifenden Rechners (IP Adresse)<br \/>\nUhrzeit der Serveranfrage.<\/p>\n<p>Diese Daten sind nicht bestimmten Personen zuordenbar. Eine Zusammenf\u00fchrung dieser Daten mit anderen Datenquellen wird nicht vorgenommen, die Daten werden zudem nach einer statistischen Auswertung gel\u00f6scht.<\/p>\n<p><strong>Cookies<\/strong><br \/>\nDie Internetseiten verwenden an mehreren Stellen so genannte Cookies. Sie dienen dazu, das Angebot dieser Website nutzerfreundlicher, effektiver und sicherer zu machen. Cookies sind kleine Textdateien, die auf Ihrem Rechner abgelegt werden und die Ihr Browser speichert. Die meisten der von dieser Website verwendeten Cookies sind so genannte &#8222;Session-Cookies&#8220;. Sie werden nach Ende Ihres Besuchs automatisch gel\u00f6scht. Cookies richten auf Ihrem Rechner keinen Schaden an und enthalten keine Viren.<\/p>\n<p><strong>Auskunftsrecht<\/strong><br \/>\nSie haben jederzeit das Recht auf Auskunft \u00fcber die bez\u00fcglich Ihrer Person gespeicherten Daten, deren Herkunft und Empf\u00e4nger sowie den Zweck der Speicherung. Einen Antrag auf Auskunft \u00fcber die gespeicherten Daten k\u00f6nnen Sie \u00fcber das\u00a0<strong><a href=\"https:\/\/www.szharmonie.de\/infos-und-kontakt\/kontakt\/\">Kontaktformular<\/a><\/strong>\u00a0stellen.<\/p>\n<p><strong>Weitere Informationen<\/strong><br \/>\nIhr Vertrauen ist uns wichtig. Daher m\u00f6chten wir Ihnen jederzeit Rede und Antwort bez\u00fcglich der Verarbeitung Ihrer personenbezogenen Daten stehen. Wenn Sie Fragen haben, die Ihnen diese Datenschutzerkl\u00e4rung nicht beantworten konnte oder wenn Sie zu einem Punkt vertiefte Informationen w\u00fcnschen, wenden Sie sich bitte jederzeit uns. Am einfachsten erreichen Sie uns \u00fcber unser <strong><a href=\"https:\/\/www.szharmonie.de\/infos-und-kontakt\/kontakt\/\">Kontaktformular<\/a><\/strong>.<\/p>\n<\/div>\n","protected":false},"excerpt":{"rendered":"<p>Betreiber der Website &#8222;www.szharmonie.de&#8220; ist: Spielmannszug Harmonie Bad Homburg e.V. vertreten durch: Anke Wolf 1. Vorsitzende SZ Harmonie Bad Homburg e.V. Heuchelheimer Str. 149D 61350 Bad Homburg vor der H\u00f6he (Hessen) Telefon: +49 (0) 162 \/ 94 19 110 Telefax:\u00a0<\/p>\n","protected":false},"author":1,"featured_media":0,"parent":0,"menu_order":0,"comment_status":"closed","ping_status":"closed","template":"","meta":{"jetpack_post_was_ever_published":false,"footnotes":""},"featured_image_src":null,"featured_image_src_square":null,"jetpack_sharing_enabled":true,"jetpack_shortlink":"https:\/\/wp.me\/PaKGip-q","jetpack-related-posts":[],"jetpack_likes_enabled":true,"_links":{"self":[{"href":"https:\/\/www.szharmonie.de\/index.php?rest_route=\/wp\/v2\/pages\/26"}],"collection":[{"href":"https:\/\/www.szharmonie.de\/index.php?rest_route=\/wp\/v2\/pages"}],"about":[{"href":"https:\/\/www.szharmonie.de\/index.php?rest_route=\/wp\/v2\/types\/page"}],"author":[{"embeddable":true,"href":"https:\/\/www.szharmonie.de\/index.php?rest_route=\/wp\/v2\/users\/1"}],"replies":[{"embeddable":true,"href":"https:\/\/www.szharmonie.de\/index.php?rest_route=%2Fwp%2Fv2%2Fcomments&post=26"}],"version-history":[{"count":1,"href":"https:\/\/www.szharmonie.de\/index.php?rest_route=\/wp\/v2\/pages\/26\/revisions"}],"predecessor-version":[{"id":27,"href":"https:\/\/www.szharmonie.de\/index.php?rest_route=\/wp\/v2\/pages\/26\/revisions\/27"}],"wp:attachment":[{"href":"https:\/\/www.szharmonie.de\/index.php?rest_route=%2Fwp%2Fv2%2Fmedia&parent=26"}],"curies":[{"name":"wp","href":"https:\/\/api.w.org\/{rel}","templated":true}]}}