{"id":21,"date":"2019-02-25T11:49:20","date_gmt":"2019-02-25T11:49:20","guid":{"rendered":"http:\/\/spielmannszug-harmonie.de\/?page_id=21"},"modified":"2022-11-27T11:12:42","modified_gmt":"2022-11-27T10:12:42","slug":"harmonie-dancer","status":"publish","type":"page","link":"https:\/\/www.szharmonie.de\/?page_id=21","title":{"rendered":"Harmonie Dancer"},"content":{"rendered":"\n<h1 class=\"has-text-align-center has-pale-cyan-blue-background-color has-background wp-block-heading\">Die Square Dance Abteilung &#8220; Harmonie Dancer&#8220;<\/h1>\n\n\n\n<p class=\"has-text-align-center has-pale-cyan-blue-background-color has-background\">Neben dem Spielmannszug haben wir seit 2018 noch eine Unterabteilung auf gemacht.<\/p>\n\n\n\n<div class=\"wp-block-media-text alignwide has-cyan-bluish-gray-background-color has-background\" style=\"grid-template-columns:26% auto\"><figure class=\"wp-block-media-text__media\"><img data-recalc-dims=\"1\" loading=\"lazy\" decoding=\"async\" width=\"300\" height=\"169\" data-attachment-id=\"96\" data-permalink=\"https:\/\/www.szharmonie.de\/?attachment_id=96\" data-orig-file=\"https:\/\/i0.wp.com\/www.szharmonie.de\/wp-content\/uploads\/2019\/03\/20161201_203701.jpg?fit=4032%2C2268&amp;ssl=1\" data-orig-size=\"4032,2268\" data-comments-opened=\"1\" data-image-meta=\"{&quot;aperture&quot;:&quot;1.7&quot;,&quot;credit&quot;:&quot;&quot;,&quot;camera&quot;:&quot;SM-G935F&quot;,&quot;caption&quot;:&quot;&quot;,&quot;created_timestamp&quot;:&quot;1480624621&quot;,&quot;copyright&quot;:&quot;&quot;,&quot;focal_length&quot;:&quot;4.2&quot;,&quot;iso&quot;:&quot;800&quot;,&quot;shutter_speed&quot;:&quot;0.02&quot;,&quot;title&quot;:&quot;&quot;,&quot;orientation&quot;:&quot;1&quot;}\" data-image-title=\"20161201_203701\" data-image-description=\"\" data-image-caption=\"\" data-medium-file=\"https:\/\/i0.wp.com\/www.szharmonie.de\/wp-content\/uploads\/2019\/03\/20161201_203701.jpg?fit=300%2C169&amp;ssl=1\" data-large-file=\"https:\/\/i0.wp.com\/www.szharmonie.de\/wp-content\/uploads\/2019\/03\/20161201_203701.jpg?fit=750%2C422&amp;ssl=1\" src=\"https:\/\/i0.wp.com\/www.szharmonie.de\/wp-content\/uploads\/2019\/03\/20161201_203701.jpg?resize=300%2C169&#038;ssl=1\" alt=\"\" class=\"wp-image-96 size-medium\" srcset=\"https:\/\/i0.wp.com\/www.szharmonie.de\/wp-content\/uploads\/2019\/03\/20161201_203701.jpg?resize=300%2C169&amp;ssl=1 300w, https:\/\/i0.wp.com\/www.szharmonie.de\/wp-content\/uploads\/2019\/03\/20161201_203701.jpg?resize=768%2C432&amp;ssl=1 768w, https:\/\/i0.wp.com\/www.szharmonie.de\/wp-content\/uploads\/2019\/03\/20161201_203701.jpg?resize=1024%2C576&amp;ssl=1 1024w, https:\/\/i0.wp.com\/www.szharmonie.de\/wp-content\/uploads\/2019\/03\/20161201_203701.jpg?w=1500&amp;ssl=1 1500w, https:\/\/i0.wp.com\/www.szharmonie.de\/wp-content\/uploads\/2019\/03\/20161201_203701.jpg?w=2250&amp;ssl=1 2250w\" sizes=\"(max-width: 300px) 100vw, 300px\" \/><\/figure><div class=\"wp-block-media-text__content\">\n<p class=\"has-medium-font-size\">Dort wird Square Dance getanzt.<\/p>\n\n\n\n<p class=\"has-medium-font-size\">Was ist das \u00dcberhaupt?<\/p>\n\n\n\n<p class=\"has-medium-font-size\">Square Dance ist eine Tanzform, die sich aus den T\u00e4nzen der europ\u00e4ischen Siedler in Amerika in den vergangenen Jahrhunderten entwickelt hat.<\/p>\n\n\n\n<p class=\"has-medium-font-size\">Da Square Dance leicht zu erlernen ist, eignet es sich f\u00fcr&nbsp;<u>jede<\/u>&nbsp;Altersgruppe.<\/p>\n\n\n\n<p class=\"has-text-align-center has-medium-font-size\">Jeweils 4 Paare tanzen auf Zuruf miteinander in den verschiedensten Abfolgen Figuren, die von einem sogenannten Caller angesagt bzw. zu&nbsp; (fast) jeder Musikrichtung gesungen werden.<\/p>\n<\/div><\/div>\n\n\n\n<p class=\"has-text-align-center has-vivid-cyan-blue-background-color has-background has-large-font-size\">Als Caller haben wir Thomas Launhardt f\u00fcr uns gewinnen k\u00f6nnen<\/p>\n\n\n\n<div class=\"wp-block-columns has-ast-global-color-5-background-color has-background is-layout-flex wp-container-core-columns-is-layout-1 wp-block-columns-is-layout-flex\">\n<div class=\"wp-block-column is-layout-flow wp-block-column-is-layout-flow\" style=\"flex-basis:33.33%\">\n<p class=\"has-x-large-font-size\"><strong>Wir Tanzen Jeden 2. Donnerstag in der Grundschule in Burgholzhausen<\/strong><\/p>\n\n\n\n<p class=\"has-x-large-font-size\"><strong>Getroffen wird sich von 19.30 bis 21.30 Uhr<\/strong><\/p>\n<\/div>\n\n\n\n<div class=\"wp-block-column is-layout-flow wp-block-column-is-layout-flow\" style=\"flex-basis:66.66%\">\n<figure class=\"wp-block-image size-full\"><img data-recalc-dims=\"1\" loading=\"lazy\" decoding=\"async\" width=\"750\" height=\"562\" data-attachment-id=\"409\" data-permalink=\"https:\/\/www.szharmonie.de\/?attachment_id=409\" data-orig-file=\"https:\/\/i0.wp.com\/www.szharmonie.de\/wp-content\/uploads\/2022\/11\/8a9762046997133b33583775b8ff9d5ef8cec478.jpeg?fit=774%2C580&amp;ssl=1\" data-orig-size=\"774,580\" data-comments-opened=\"1\" data-image-meta=\"{&quot;aperture&quot;:&quot;0&quot;,&quot;credit&quot;:&quot;&quot;,&quot;camera&quot;:&quot;&quot;,&quot;caption&quot;:&quot;&quot;,&quot;created_timestamp&quot;:&quot;0&quot;,&quot;copyright&quot;:&quot;&quot;,&quot;focal_length&quot;:&quot;0&quot;,&quot;iso&quot;:&quot;0&quot;,&quot;shutter_speed&quot;:&quot;0&quot;,&quot;title&quot;:&quot;&quot;,&quot;orientation&quot;:&quot;0&quot;}\" data-image-title=\"8a9762046997133b33583775b8ff9d5ef8cec478\" data-image-description=\"\" data-image-caption=\"\" data-medium-file=\"https:\/\/i0.wp.com\/www.szharmonie.de\/wp-content\/uploads\/2022\/11\/8a9762046997133b33583775b8ff9d5ef8cec478.jpeg?fit=300%2C225&amp;ssl=1\" data-large-file=\"https:\/\/i0.wp.com\/www.szharmonie.de\/wp-content\/uploads\/2022\/11\/8a9762046997133b33583775b8ff9d5ef8cec478.jpeg?fit=750%2C562&amp;ssl=1\" src=\"https:\/\/i0.wp.com\/www.szharmonie.de\/wp-content\/uploads\/2022\/11\/8a9762046997133b33583775b8ff9d5ef8cec478.jpeg?resize=750%2C562&#038;ssl=1\" alt=\"\" class=\"wp-image-409\" srcset=\"https:\/\/i0.wp.com\/www.szharmonie.de\/wp-content\/uploads\/2022\/11\/8a9762046997133b33583775b8ff9d5ef8cec478.jpeg?w=774&amp;ssl=1 774w, https:\/\/i0.wp.com\/www.szharmonie.de\/wp-content\/uploads\/2022\/11\/8a9762046997133b33583775b8ff9d5ef8cec478.jpeg?resize=300%2C225&amp;ssl=1 300w, https:\/\/i0.wp.com\/www.szharmonie.de\/wp-content\/uploads\/2022\/11\/8a9762046997133b33583775b8ff9d5ef8cec478.jpeg?resize=768%2C576&amp;ssl=1 768w\" sizes=\"(max-width: 750px) 100vw, 750px\" \/><\/figure>\n<\/div>\n<\/div>\n\n\n\n<p class=\"has-text-align-center\"><iframe loading=\"lazy\" style=\"border: 0;\" src=\"https:\/\/www.google.com\/maps\/embed?pb=!1m18!1m12!1m3!1d2550.8606740649243!2d8.669886615146407!3d50.257186409153505!2m3!1f0!2f0!3f0!3m2!1i1024!2i768!4f13.1!3m3!1m2!1s0x417309180adc8789%3A0xcfb562b0cde240db!2sGrundschule+Burgholzhausen!5e0!3m2!1sde!2sde!4v1551978806910\" width=\"600\" height=\"450\" frameborder=\"0\" allowfullscreen=\"allowfullscreen\">&lt;\/p><\/iframe><\/p>\n\n\n\n<div style=\"color:#32373c;background-color:#00d1b2\" class=\"wp-block-genesis-blocks-gb-notice gb-font-size-18 gb-block-notice\" data-id=\"44e8b5\"><div class=\"gb-notice-title\" style=\"color:#fff\"><p>F\u00fcrs Navi:<\/p><\/div><div class=\"gb-notice-text\" style=\"border-color:#00d1b2\"><p>Peter-Geibel Stra\u00dfe 15<\/p><p>61381 Friedrichsdorf<\/p><\/div><\/div>\n\n\n\n<p class=\"has-text-align-center has-vivid-red-color has-text-color has-x-large-font-size\"><strong>Doorpreis 3, &#8211; \u20ac<\/strong><\/p>\n\n\n\n<p class=\"has-text-align-center has-medium-font-size\"><strong>Bei Interesse Einfach Melden bei&nbsp;<a href=\"mailto:nici.jourdan@gmail.com\">Nicole Jourdan<\/a>&nbsp;oder&nbsp;<a href=\"mailto:flo@fschieler.de\">Florian Schieler<\/a><\/strong><\/p>\n\n\n\n<p class=\"has-text-align-center has-medium-font-size\"><strong>Oder \u00fcber Email&nbsp;<a href=\"https:\/\/www.szharmonie.de\/\">info@harmonie-dancer.de<\/a><\/strong><\/p>\n","protected":false},"excerpt":{"rendered":"<p>Die Square Dance Abteilung &#8220; Harmonie Dancer&#8220; Neben dem Spielmannszug haben wir seit 2018 noch eine Unterabteilung auf gemacht. Dort wird Square Dance getanzt. Was ist das \u00dcberhaupt? Square Dance ist eine Tanzform, die sich aus den T\u00e4nzen der europ\u00e4ischen<\/p>\n","protected":false},"author":1,"featured_media":0,"parent":0,"menu_order":0,"comment_status":"closed","ping_status":"closed","template":"","meta":{"jetpack_post_was_ever_published":false,"footnotes":""},"featured_image_src":null,"featured_image_src_square":null,"jetpack_sharing_enabled":true,"jetpack_shortlink":"https:\/\/wp.me\/PaKGip-l","jetpack-related-posts":[],"jetpack_likes_enabled":true,"_links":{"self":[{"href":"https:\/\/www.szharmonie.de\/index.php?rest_route=\/wp\/v2\/pages\/21"}],"collection":[{"href":"https:\/\/www.szharmonie.de\/index.php?rest_route=\/wp\/v2\/pages"}],"about":[{"href":"https:\/\/www.szharmonie.de\/index.php?rest_route=\/wp\/v2\/types\/page"}],"author":[{"embeddable":true,"href":"https:\/\/www.szharmonie.de\/index.php?rest_route=\/wp\/v2\/users\/1"}],"replies":[{"embeddable":true,"href":"https:\/\/www.szharmonie.de\/index.php?rest_route=%2Fwp%2Fv2%2Fcomments&post=21"}],"version-history":[{"count":12,"href":"https:\/\/www.szharmonie.de\/index.php?rest_route=\/wp\/v2\/pages\/21\/revisions"}],"predecessor-version":[{"id":430,"href":"https:\/\/www.szharmonie.de\/index.php?rest_route=\/wp\/v2\/pages\/21\/revisions\/430"}],"wp:attachment":[{"href":"https:\/\/www.szharmonie.de\/index.php?rest_route=%2Fwp%2Fv2%2Fmedia&parent=21"}],"curies":[{"name":"wp","href":"https:\/\/api.w.org\/{rel}","templated":true}]}}